{"id":2,"date":"2025-04-04T08:36:02","date_gmt":"2025-04-04T08:36:02","guid":{"rendered":"https:\/\/elisanagelhofer.schuelerweb.at\/?page_id=2"},"modified":"2025-06-12T20:46:02","modified_gmt":"2025-06-12T20:46:02","slug":"sample-page","status":"publish","type":"page","link":"https:\/\/elisanagelhofer.schuelerweb.at\/index.php\/sample-page\/","title":{"rendered":"Kochkurse &amp; Beratung"},"content":{"rendered":"<style>.wp-block-kadence-advancedgallery.kb-gallery-wrap-id-2_0aaf3e-59{overflow:hidden;}.kb-gallery-type-carousel.kb-gallery-id-2_0aaf3e-59 .kt-blocks-carousel .kt-blocks-carousel-init:not( .splide-initialized ){margin-left:-0px;margin-right:-0px;}.kb-gallery-type-carousel.kb-gallery-id-2_0aaf3e-59 .kt-blocks-carousel .kt-blocks-carousel-init:not( .splide-initialized ) .kb-slide-item{padding-left:0px;padding-right:0px;}.kb-gallery-id-2_0aaf3e-59 .kadence-blocks-gallery-item .kb-gal-image-radius, .kb-gallery-id-2_0aaf3e-59 .kb-slide-item .kb-gal-image-radius img{border-radius:0px 0px 0px 0px;;}.kb-gallery-wrap-id-2_0aaf3e-59.wp-block-kadence-advancedgallery{overflow:visible;}.kb-gallery-wrap-id-2_0aaf3e-59.wp-block-kadence-advancedgallery .kt-blocks-carousel{overflow:visible;}<\/style><div class=\"kb-gallery-wrap-id-2_0aaf3e-59 alignnone wp-block-kadence-advancedgallery\"><div class=\"kb-gallery-ul kb-gallery-non-static kb-gallery-type-carousel kb-gallery-id-2_0aaf3e-59 kb-gallery-caption-style-bottom-hover kb-gallery-filter-none\" data-image-filter=\"none\" data-lightbox-caption=\"true\"><div class=\"kt-blocks-carousel kt-carousel-container-dotstyle-dark\"><div class=\"kt-blocks-carousel-init kb-gallery-carousel kt-carousel-arrowstyle-whiteondark kt-carousel-dotstyle-dark kb-slider-group-arrow kb-slider-arrow-position-center\" data-columns-xxl=\"3\" data-columns-xl=\"3\" data-columns-md=\"3\" data-columns-sm=\"2\" data-columns-xs=\"1\" data-columns-ss=\"1\" data-slider-anim-speed=\"400\" data-slider-scroll=\"1\" data-slider-arrows=\"true\" data-slider-dots=\"true\" data-slider-hover-pause=\"false\" data-slider-auto=\"\" data-slider-speed=\"7000\" data-slider-gap=\"0px\" data-slider-gap-tablet=\"0px\" data-slider-gap-mobile=\"0px\" aria-label=\"Photo Gallery Carousel\"><div class=\"kb-slide-item kb-gallery-carousel-item\"><div class=\"kadence-blocks-gallery-item\"><div class=\"kadence-blocks-gallery-item-inner\"><figure class=\"kb-gallery-figure kadence-blocks-gallery-item-hide-caption\" \"><div class=\"kb-gal-image-radius\"><div class=\"kb-gallery-image-contain kadence-blocks-gallery-intrinsic kb-gallery-image-ratio-land32 kb-has-image-ratio-land32\" ><img loading=\"lazy\" decoding=\"async\" src=\"https:\/\/elisanagelhofer.schuelerweb.at\/wp-content\/uploads\/2025\/06\/1-1.png\" width=\"983\" height=\"655\" alt=\"\" data-full-image=\"https:\/\/elisanagelhofer.schuelerweb.at\/wp-content\/uploads\/2025\/06\/1-1.png\" data-light-image=\"https:\/\/elisanagelhofer.schuelerweb.at\/wp-content\/uploads\/2025\/06\/1-1.png\" data-id=\"122\" class=\"wp-image-122 skip-lazy\" srcset=\"https:\/\/elisanagelhofer.schuelerweb.at\/wp-content\/uploads\/2025\/06\/1-1.png 983w, https:\/\/elisanagelhofer.schuelerweb.at\/wp-content\/uploads\/2025\/06\/1-1-300x200.png 300w, https:\/\/elisanagelhofer.schuelerweb.at\/wp-content\/uploads\/2025\/06\/1-1-768x512.png 768w\" sizes=\"auto, (max-width: 983px) 100vw, 983px\" \/><\/div><\/div><\/figure><\/div><\/div><\/div><div class=\"kb-slide-item kb-gallery-carousel-item\"><div class=\"kadence-blocks-gallery-item\"><div class=\"kadence-blocks-gallery-item-inner\"><figure class=\"kb-gallery-figure kadence-blocks-gallery-item-hide-caption\" \"><div class=\"kb-gal-image-radius\"><div class=\"kb-gallery-image-contain kadence-blocks-gallery-intrinsic kb-gallery-image-ratio-land32 kb-has-image-ratio-land32\" ><img loading=\"lazy\" decoding=\"async\" src=\"https:\/\/elisanagelhofer.schuelerweb.at\/wp-content\/uploads\/2025\/06\/3.png\" width=\"437\" height=\"655\" alt=\"\" data-full-image=\"https:\/\/elisanagelhofer.schuelerweb.at\/wp-content\/uploads\/2025\/06\/3.png\" data-light-image=\"https:\/\/elisanagelhofer.schuelerweb.at\/wp-content\/uploads\/2025\/06\/3.png\" data-id=\"114\" class=\"wp-image-114 skip-lazy\"\/><\/div><\/div><\/figure><\/div><\/div><\/div><div class=\"kb-slide-item kb-gallery-carousel-item\"><div class=\"kadence-blocks-gallery-item\"><div class=\"kadence-blocks-gallery-item-inner\"><figure class=\"kb-gallery-figure kadence-blocks-gallery-item-hide-caption\" \"><div class=\"kb-gal-image-radius\"><div class=\"kb-gallery-image-contain kadence-blocks-gallery-intrinsic kb-gallery-image-ratio-land32 kb-has-image-ratio-land32\" ><img loading=\"lazy\" decoding=\"async\" src=\"https:\/\/elisanagelhofer.schuelerweb.at\/wp-content\/uploads\/2025\/06\/image.png\" width=\"435\" height=\"654\" alt=\"\" data-full-image=\"https:\/\/elisanagelhofer.schuelerweb.at\/wp-content\/uploads\/2025\/06\/image.png\" data-light-image=\"https:\/\/elisanagelhofer.schuelerweb.at\/wp-content\/uploads\/2025\/06\/image.png\" data-id=\"121\" class=\"wp-image-121 skip-lazy\"\/><\/div><\/div><\/figure><\/div><\/div><\/div><\/div><\/div><\/div><\/div>\n\n\n<p><\/p>\n\n\n\n<p class=\"has-text-align-center\"><strong>Entdecke die Magie des Thermomix!<\/strong><br>M\u00f6chtest du sehen, wie einfach und schnell du mit dem Thermomix leckere Gerichte zaubern kannst?<br>Buche jetzt deine pers\u00f6nliche Kochvorf\u00fchrung oder deine Erstberatung und erlebe live, wie der Thermomix deinen K\u00fcchenalltag revolutioniert<\/p>\n\n\n\n<p class=\"has-text-align-center\"><strong>Klicke einfach auf den Button und sichere dir deinen Termin!<\/strong><\/p>\n\n\n<style>.wp-block-kadence-advancedbtn.kb-btns2_52ca3d-3b{gap:var(--global-kb-gap-xs, 0.5rem );justify-content:center;align-items:center;}.kt-btns2_52ca3d-3b .kt-button{font-weight:normal;font-style:normal;}.kt-btns2_52ca3d-3b .kt-btn-wrap-0{margin-right:5px;}.wp-block-kadence-advancedbtn.kt-btns2_52ca3d-3b .kt-btn-wrap-0 .kt-button{color:#555555;border-color:#555555;}.wp-block-kadence-advancedbtn.kt-btns2_52ca3d-3b .kt-btn-wrap-0 .kt-button:hover, .wp-block-kadence-advancedbtn.kt-btns2_52ca3d-3b .kt-btn-wrap-0 .kt-button:focus{color:#ffffff;border-color:#444444;}.wp-block-kadence-advancedbtn.kt-btns2_52ca3d-3b .kt-btn-wrap-0 .kt-button::before{display:none;}.wp-block-kadence-advancedbtn.kt-btns2_52ca3d-3b .kt-btn-wrap-0 .kt-button:hover, .wp-block-kadence-advancedbtn.kt-btns2_52ca3d-3b .kt-btn-wrap-0 .kt-button:focus{background:#444444;}<\/style>\n<div class=\"wp-block-kadence-advancedbtn kb-buttons-wrap kb-btns2_52ca3d-3b\"><style>ul.menu .wp-block-kadence-advancedbtn .kb-btn2_0a95f0-c7.kb-button{width:initial;}<\/style><a class=\"kb-button kt-button button kb-btn2_0a95f0-c7 kt-btn-size-standard kt-btn-width-type-auto kb-btn-global-inherit kt-btn-has-text-true kt-btn-has-svg-false wp-block-button__link wp-block-kadence-singlebtn\" href=\"https:\/\/elisanagelhofer.schuelerweb.at\/index.php\/2025\/06\/06\/131\/\"><span class=\"kt-btn-inner-text\">Hier Klicken<\/span><\/a><\/div>\n\n\n\n<p><\/p>\n","protected":false},"excerpt":{"rendered":"<p>Entdecke die Magie des Thermomix!M\u00f6chtest du sehen, wie einfach und schnell du mit dem Thermomix leckere Gerichte zaubern kannst?Buche jetzt deine pers\u00f6nliche Kochvorf\u00fchrung oder deine Erstberatung und erlebe live, wie der Thermomix deinen K\u00fcchenalltag revolutioniert Klicke einfach auf den Button und sichere dir deinen Termin!<\/p>\n","protected":false},"author":1,"featured_media":0,"parent":0,"menu_order":0,"comment_status":"closed","ping_status":"closed","template":"","meta":{"_kad_post_transparent":"","_kad_post_title":"","_kad_post_layout":"","_kad_post_sidebar_id":"","_kad_post_content_style":"","_kad_post_vertical_padding":"","_kad_post_feature":"","_kad_post_feature_position":"","_kad_post_header":false,"_kad_post_footer":false,"footnotes":""},"class_list":["post-2","page","type-page","status-publish","hentry"],"_links":{"self":[{"href":"https:\/\/elisanagelhofer.schuelerweb.at\/index.php\/wp-json\/wp\/v2\/pages\/2","targetHints":{"allow":["GET"]}}],"collection":[{"href":"https:\/\/elisanagelhofer.schuelerweb.at\/index.php\/wp-json\/wp\/v2\/pages"}],"about":[{"href":"https:\/\/elisanagelhofer.schuelerweb.at\/index.php\/wp-json\/wp\/v2\/types\/page"}],"author":[{"embeddable":true,"href":"https:\/\/elisanagelhofer.schuelerweb.at\/index.php\/wp-json\/wp\/v2\/users\/1"}],"replies":[{"embeddable":true,"href":"https:\/\/elisanagelhofer.schuelerweb.at\/index.php\/wp-json\/wp\/v2\/comments?post=2"}],"version-history":[{"count":10,"href":"https:\/\/elisanagelhofer.schuelerweb.at\/index.php\/wp-json\/wp\/v2\/pages\/2\/revisions"}],"predecessor-version":[{"id":199,"href":"https:\/\/elisanagelhofer.schuelerweb.at\/index.php\/wp-json\/wp\/v2\/pages\/2\/revisions\/199"}],"wp:attachment":[{"href":"https:\/\/elisanagelhofer.schuelerweb.at\/index.php\/wp-json\/wp\/v2\/media?parent=2"}],"curies":[{"name":"wp","href":"https:\/\/api.w.org\/{rel}","templated":true}]}}