{"id":12,"date":"2025-04-04T09:17:51","date_gmt":"2025-04-04T09:17:51","guid":{"rendered":"https:\/\/elisanagelhofer.schuelerweb.at\/?page_id=12"},"modified":"2025-06-06T10:21:20","modified_gmt":"2025-06-06T10:21:20","slug":"startseite","status":"publish","type":"page","link":"https:\/\/elisanagelhofer.schuelerweb.at\/","title":{"rendered":"Home"},"content":{"rendered":"\n<div class=\"wp-block-cover alignfull is-light\" style=\"padding-top:0;padding-right:0;padding-bottom:0;padding-left:0;min-height:949px;aspect-ratio:unset;\"><img loading=\"lazy\" decoding=\"async\" width=\"982\" height=\"652\" class=\"wp-block-cover__image-background wp-image-113 size-full\" alt=\"\" src=\"https:\/\/elisanagelhofer.schuelerweb.at\/wp-content\/uploads\/2025\/06\/2.png\" style=\"object-position:59% 52%\" data-object-fit=\"cover\" data-object-position=\"59% 52%\" srcset=\"https:\/\/elisanagelhofer.schuelerweb.at\/wp-content\/uploads\/2025\/06\/2.png 982w, https:\/\/elisanagelhofer.schuelerweb.at\/wp-content\/uploads\/2025\/06\/2-300x199.png 300w, https:\/\/elisanagelhofer.schuelerweb.at\/wp-content\/uploads\/2025\/06\/2-768x510.png 768w\" sizes=\"auto, (max-width: 982px) 100vw, 982px\" \/><span aria-hidden=\"true\" class=\"wp-block-cover__background has-background-dim-70 has-background-dim\" style=\"background-color:#958171\"><\/span><div class=\"wp-block-cover__inner-container is-layout-constrained wp-container-core-cover-is-layout-c6b4b7cd wp-block-cover-is-layout-constrained\">\n<p class=\"has-text-align-center has-larger-font-size\"><strong>Herzlich Willkommen,<\/strong><\/p>\n\n\n\n<p class=\"has-text-align-center\">bei Andrea Nagelhofer, Ihrer pers\u00f6nlichen Thermomix-Beraterin! Ich helfe Ihnen dabei, das Beste aus Ihrem Thermomix herauszuholen und zeige Ihnen, wie Sie Ihre K\u00fcche auf ein neues Level bringen k\u00f6nnen<\/p>\n\n\n\n<p class=\"has-text-align-center\">M\u00f6chten Sie mehr erfahren? Buchen Sie jetzt eine kostenlose Erstberatung!<\/p>\n\n\n\n<p class=\"has-text-align-center has-large-font-size\"><strong>Leistungen und Angebote<\/strong><\/p>\n\n\n\n<p class=\"has-text-align-center\">Beratung: Individuelle Thermomix-Beratung, damit Sie das Ger\u00e4t noch besser nutzen k\u00f6nnen.<\/p>\n\n\n\n<p class=\"has-text-align-center\">Kochkurse: Erleben Sie interaktive Kochkurse, die Ihnen beibringen, wie Sie schnell und einfach k\u00f6stliche Gerichte zaubern.<\/p>\n\n\n\n<p class=\"has-text-align-center\">Rezeptideen: Exklusive Rezeptvorschl\u00e4ge und -sammlungen, perfekt auf Ihre W\u00fcnsche und Vorlieben abgestimmt.<\/p>\n\n\n\n<p class=\"has-text-align-center has-medium-font-size\">Online-Unterst\u00fctzung: Virtuelle Beratung f\u00fcr Thermomix-Nutzer, die auch von zu Hause aus Unterst\u00fctzung brauchen.<\/p>\n<\/div><\/div>\n\n\n\n<p><br><\/p>\n","protected":false},"excerpt":{"rendered":"","protected":false},"author":1,"featured_media":0,"parent":0,"menu_order":0,"comment_status":"closed","ping_status":"closed","template":"","meta":{"_kad_post_transparent":"","_kad_post_title":"hide","_kad_post_layout":"","_kad_post_sidebar_id":"","_kad_post_content_style":"","_kad_post_vertical_padding":"","_kad_post_feature":"","_kad_post_feature_position":"","_kad_post_header":false,"_kad_post_footer":false,"footnotes":""},"class_list":["post-12","page","type-page","status-publish","hentry"],"_links":{"self":[{"href":"https:\/\/elisanagelhofer.schuelerweb.at\/index.php\/wp-json\/wp\/v2\/pages\/12","targetHints":{"allow":["GET"]}}],"collection":[{"href":"https:\/\/elisanagelhofer.schuelerweb.at\/index.php\/wp-json\/wp\/v2\/pages"}],"about":[{"href":"https:\/\/elisanagelhofer.schuelerweb.at\/index.php\/wp-json\/wp\/v2\/types\/page"}],"author":[{"embeddable":true,"href":"https:\/\/elisanagelhofer.schuelerweb.at\/index.php\/wp-json\/wp\/v2\/users\/1"}],"replies":[{"embeddable":true,"href":"https:\/\/elisanagelhofer.schuelerweb.at\/index.php\/wp-json\/wp\/v2\/comments?post=12"}],"version-history":[{"count":12,"href":"https:\/\/elisanagelhofer.schuelerweb.at\/index.php\/wp-json\/wp\/v2\/pages\/12\/revisions"}],"predecessor-version":[{"id":145,"href":"https:\/\/elisanagelhofer.schuelerweb.at\/index.php\/wp-json\/wp\/v2\/pages\/12\/revisions\/145"}],"wp:attachment":[{"href":"https:\/\/elisanagelhofer.schuelerweb.at\/index.php\/wp-json\/wp\/v2\/media?parent=12"}],"curies":[{"name":"wp","href":"https:\/\/api.w.org\/{rel}","templated":true}]}}